{"id":1219,"date":"2026-02-12T09:55:05","date_gmt":"2026-02-12T09:55:05","guid":{"rendered":"https:\/\/leuzzipartners.it\/politique-en-matiere-de-cookies\/"},"modified":"2026-02-12T09:57:02","modified_gmt":"2026-02-12T09:57:02","slug":"politique-en-matiere-de-cookies","status":"publish","type":"page","link":"https:\/\/leuzzipartners.it\/fr\/politique-en-matiere-de-cookies\/","title":{"rendered":"Politique en mati\u00e8re de cookies"},"content":{"rendered":"\t\t<div data-elementor-type=\"wp-page\" data-elementor-id=\"1219\" class=\"elementor elementor-1219 elementor-1210\" data-elementor-post-type=\"page\">\n\t\t\t\t<div class=\"elementor-element elementor-element-266db33 e-flex e-con-boxed e-con e-parent\" data-id=\"266db33\" data-element_type=\"container\" data-e-type=\"container\" data-settings=\"{&quot;background_background&quot;:&quot;classic&quot;}\">\n\t\t\t\t\t<div class=\"e-con-inner\">\n\t\t\t\t<div class=\"elementor-element elementor-element-83270ad elementor-widget__width-initial font-heading regular elementor-widget elementor-widget-heading\" data-id=\"83270ad\" data-element_type=\"widget\" data-e-type=\"widget\" data-widget_type=\"heading.default\">\n\t\t\t\t\t<h2 class=\"elementor-heading-title elementor-size-default\">Politique en mati\u00e8re de cookies<\/h2>\t\t\t\t<\/div>\n\t\t\t\t\t<\/div>\n\t\t\t\t<\/div>\n\t\t<div class=\"elementor-element elementor-element-d454dbe e-flex e-con-boxed e-con e-parent\" data-id=\"d454dbe\" data-element_type=\"container\" data-e-type=\"container\">\n\t\t\t\t\t<div class=\"e-con-inner\">\n\t\t\t\t<div class=\"elementor-element elementor-element-0fea63f elementor-widget__width-initial font-body book elementor-widget elementor-widget-text-editor\" data-id=\"0fea63f\" data-element_type=\"widget\" data-e-type=\"widget\" data-widget_type=\"text-editor.default\">\n\t\t\t\t\t\t\t\t\t<p data-path-to-node=\"5\"><b data-path-to-node=\"5\" data-index-in-node=\"0\">En vigueur \u00e0 partir de : f\u00e9vrier 2026<\/b><\/p><p data-path-to-node=\"6\">Cette politique en mati\u00e8re de cookies explique ce que sont les cookies, comment nous les utilisons et comment vous pouvez les g\u00e9rer sur le site <b data-path-to-node=\"6\" data-index-in-node=\"92\">leuzzipartners.co.uk.<\/b><\/p><h3 data-path-to-node=\"7\">1. Qu&rsquo;est-ce qu&rsquo;un cookie ?<\/h3><p data-path-to-node=\"8\">Les cookies sont de petits fichiers texte que les sites que vous visitez envoient \u00e0 votre appareil, o\u00f9 ils sont stock\u00e9s afin d&rsquo;\u00eatre retransmis aux m\u00eames sites lors de votre prochaine visite.<\/p><h3 data-path-to-node=\"9\">2. Quels sont les cookies que nous utilisons ?<\/h3><p data-path-to-node=\"10\">Nous n&rsquo;utilisons que les cat\u00e9gories suivantes sur ce site :<\/p><h4 data-path-to-node=\"11\"><b data-path-to-node=\"11\" data-index-in-node=\"0\">A. Cookies techniques (obligatoires)<\/b><\/h4><p data-path-to-node=\"12\">Ils sont essentiels au bon fonctionnement du site. Sans eux, certaines parties du site ne fonctionneraient pas. <\/p><ul data-path-to-node=\"13\"><li><p data-path-to-node=\"13,0,0\"><b data-path-to-node=\"13,0,0\" data-index-in-node=\"0\">moove_gdpr_popup<\/b>: Stocke vos pr\u00e9f\u00e9rences en mati\u00e8re de consentement aux cookies. (Dur\u00e9e : 1 an). <\/p><\/li><\/ul><h4 data-path-to-node=\"14\"><b data-path-to-node=\"14\" data-index-in-node=\"0\">B. Cookies statistiques<\/b><\/h4><p data-path-to-node=\"15\">Nous utilisons <b data-path-to-node=\"15\" data-index-in-node=\"12\">Google Analytics 4 (GA4<\/b> ) pour comprendre comment les utilisateurs interagissent avec le site. Les donn\u00e9es sont collect\u00e9es sous forme agr\u00e9g\u00e9e et l&rsquo;adresse IP est anonymis\u00e9e. <\/p><ul data-path-to-node=\"16\"><li><p data-path-to-node=\"16,0,0\"><b data-path-to-node=\"16,0,0\" data-index-in-node=\"0\">_ga<\/b>: Utilis\u00e9 pour distinguer les utilisateurs. (Dur\u00e9e : 2 ans). <\/p><\/li><li><p data-path-to-node=\"16,1,0\"><b data-path-to-node=\"16,1,0\" data-index-in-node=\"0\"><i data-path-to-node=\"16,1,0\" data-index-in-node=\"0\">ga<\/i>[ID]<\/b>: Utilis\u00e9 pour maintenir le statut de la session. (Dur\u00e9e : 2 ans). <\/p><\/li><\/ul><h3 data-path-to-node=\"17\">3. Comment g\u00e9rer le consentement ?<\/h3><p data-path-to-node=\"18\">Vous pouvez modifier ou r\u00e9voquer votre consentement \u00e0 tout moment en cliquant sur l&rsquo;ic\u00f4ne des param\u00e8tres des cookies [ins\u00e9rer la description de l&#8217;emplacement, par exemple en bas \u00e0 gauche] ou via le bouton \u00ab\u00a0Param\u00e8tres\u00a0\u00bb dans la banni\u00e8re.<\/p>\t\t\t\t\t\t\t\t<\/div>\n\t\t\t\t\t<\/div>\n\t\t\t\t<\/div>\n\t\t\t\t<\/div>\n\t\t","protected":false},"excerpt":{"rendered":"<p>Politique en mati\u00e8re de cookies En vigueur \u00e0 partir de : f\u00e9vrier 2026 Cette politique en mati\u00e8re de cookies explique ce que sont les cookies, comment nous les utilisons et comment vous pouvez les g\u00e9rer sur le site leuzzipartners.co.uk. 1. Qu&rsquo;est-ce qu&rsquo;un cookie ? Les cookies sont de petits fichiers texte que les sites que [&hellip;]<\/p>\n","protected":false},"author":1,"featured_media":0,"parent":0,"menu_order":0,"comment_status":"closed","ping_status":"closed","template":"","meta":{"_acf_changed":false,"footnotes":""},"class_list":["post-1219","page","type-page","status-publish","hentry"],"acf":[],"yoast_head":"<!-- This site is optimized with the Yoast SEO plugin v27.1.1 - https:\/\/yoast.com\/product\/yoast-seo-wordpress\/ -->\n<title>Politique en mati\u00e8re de cookies - leuzzipartners.it<\/title>\n<meta name=\"robots\" content=\"index, follow, max-snippet:-1, max-image-preview:large, max-video-preview:-1\" \/>\n<link rel=\"canonical\" href=\"https:\/\/leuzzipartners.it\/fr\/politique-en-matiere-de-cookies\/\" \/>\n<meta property=\"og:locale\" content=\"fr_FR\" \/>\n<meta property=\"og:type\" content=\"article\" \/>\n<meta property=\"og:title\" content=\"Politique en mati\u00e8re de cookies - leuzzipartners.it\" \/>\n<meta property=\"og:description\" content=\"Politique en mati\u00e8re de cookies En vigueur \u00e0 partir de : f\u00e9vrier 2026 Cette politique en mati\u00e8re de cookies explique ce que sont les cookies, comment nous les utilisons et comment vous pouvez les g\u00e9rer sur le site leuzzipartners.co.uk. 1. Qu&rsquo;est-ce qu&rsquo;un cookie ? Les cookies sont de petits fichiers texte que les sites que [&hellip;]\" \/>\n<meta property=\"og:url\" content=\"https:\/\/leuzzipartners.it\/fr\/politique-en-matiere-de-cookies\/\" \/>\n<meta property=\"og:site_name\" content=\"leuzzipartners.it\" \/>\n<meta property=\"article:modified_time\" content=\"2026-02-12T09:57:02+00:00\" \/>\n<meta name=\"twitter:card\" content=\"summary_large_image\" \/>\n<meta name=\"twitter:label1\" content=\"Dur\u00e9e de lecture estim\u00e9e\" \/>\n\t<meta name=\"twitter:data1\" content=\"1 minute\" \/>\n<script type=\"application\/ld+json\" class=\"yoast-schema-graph\">{\"@context\":\"https:\/\/schema.org\",\"@graph\":[{\"@type\":\"WebPage\",\"@id\":\"https:\/\/leuzzipartners.it\/fr\/politique-en-matiere-de-cookies\/\",\"url\":\"https:\/\/leuzzipartners.it\/fr\/politique-en-matiere-de-cookies\/\",\"name\":\"Politique en mati\u00e8re de cookies - leuzzipartners.it\",\"isPartOf\":{\"@id\":\"https:\/\/leuzzipartners.it\/fr\/#website\"},\"datePublished\":\"2026-02-12T09:55:05+00:00\",\"dateModified\":\"2026-02-12T09:57:02+00:00\",\"breadcrumb\":{\"@id\":\"https:\/\/leuzzipartners.it\/fr\/politique-en-matiere-de-cookies\/#breadcrumb\"},\"inLanguage\":\"fr-FR\",\"potentialAction\":[{\"@type\":\"ReadAction\",\"target\":[\"https:\/\/leuzzipartners.it\/fr\/politique-en-matiere-de-cookies\/\"]}]},{\"@type\":\"BreadcrumbList\",\"@id\":\"https:\/\/leuzzipartners.it\/fr\/politique-en-matiere-de-cookies\/#breadcrumb\",\"itemListElement\":[{\"@type\":\"ListItem\",\"position\":1,\"name\":\"Home\",\"item\":\"https:\/\/leuzzipartners.it\/fr\/\"},{\"@type\":\"ListItem\",\"position\":2,\"name\":\"Politique en mati\u00e8re de cookies\"}]},{\"@type\":\"WebSite\",\"@id\":\"https:\/\/leuzzipartners.it\/fr\/#website\",\"url\":\"https:\/\/leuzzipartners.it\/fr\/\",\"name\":\"leuzzipartners.it\",\"description\":\"\",\"potentialAction\":[{\"@type\":\"SearchAction\",\"target\":{\"@type\":\"EntryPoint\",\"urlTemplate\":\"https:\/\/leuzzipartners.it\/fr\/?s={search_term_string}\"},\"query-input\":{\"@type\":\"PropertyValueSpecification\",\"valueRequired\":true,\"valueName\":\"search_term_string\"}}],\"inLanguage\":\"fr-FR\"}]}<\/script>\n<!-- \/ Yoast SEO plugin. -->","yoast_head_json":{"title":"Politique en mati\u00e8re de cookies - leuzzipartners.it","robots":{"index":"index","follow":"follow","max-snippet":"max-snippet:-1","max-image-preview":"max-image-preview:large","max-video-preview":"max-video-preview:-1"},"canonical":"https:\/\/leuzzipartners.it\/fr\/politique-en-matiere-de-cookies\/","og_locale":"fr_FR","og_type":"article","og_title":"Politique en mati\u00e8re de cookies - leuzzipartners.it","og_description":"Politique en mati\u00e8re de cookies En vigueur \u00e0 partir de : f\u00e9vrier 2026 Cette politique en mati\u00e8re de cookies explique ce que sont les cookies, comment nous les utilisons et comment vous pouvez les g\u00e9rer sur le site leuzzipartners.co.uk. 1. Qu&rsquo;est-ce qu&rsquo;un cookie ? Les cookies sont de petits fichiers texte que les sites que [&hellip;]","og_url":"https:\/\/leuzzipartners.it\/fr\/politique-en-matiere-de-cookies\/","og_site_name":"leuzzipartners.it","article_modified_time":"2026-02-12T09:57:02+00:00","twitter_card":"summary_large_image","twitter_misc":{"Dur\u00e9e de lecture estim\u00e9e":"1 minute"},"schema":{"@context":"https:\/\/schema.org","@graph":[{"@type":"WebPage","@id":"https:\/\/leuzzipartners.it\/fr\/politique-en-matiere-de-cookies\/","url":"https:\/\/leuzzipartners.it\/fr\/politique-en-matiere-de-cookies\/","name":"Politique en mati\u00e8re de cookies - leuzzipartners.it","isPartOf":{"@id":"https:\/\/leuzzipartners.it\/fr\/#website"},"datePublished":"2026-02-12T09:55:05+00:00","dateModified":"2026-02-12T09:57:02+00:00","breadcrumb":{"@id":"https:\/\/leuzzipartners.it\/fr\/politique-en-matiere-de-cookies\/#breadcrumb"},"inLanguage":"fr-FR","potentialAction":[{"@type":"ReadAction","target":["https:\/\/leuzzipartners.it\/fr\/politique-en-matiere-de-cookies\/"]}]},{"@type":"BreadcrumbList","@id":"https:\/\/leuzzipartners.it\/fr\/politique-en-matiere-de-cookies\/#breadcrumb","itemListElement":[{"@type":"ListItem","position":1,"name":"Home","item":"https:\/\/leuzzipartners.it\/fr\/"},{"@type":"ListItem","position":2,"name":"Politique en mati\u00e8re de cookies"}]},{"@type":"WebSite","@id":"https:\/\/leuzzipartners.it\/fr\/#website","url":"https:\/\/leuzzipartners.it\/fr\/","name":"leuzzipartners.it","description":"","potentialAction":[{"@type":"SearchAction","target":{"@type":"EntryPoint","urlTemplate":"https:\/\/leuzzipartners.it\/fr\/?s={search_term_string}"},"query-input":{"@type":"PropertyValueSpecification","valueRequired":true,"valueName":"search_term_string"}}],"inLanguage":"fr-FR"}]}},"_links":{"self":[{"href":"https:\/\/leuzzipartners.it\/fr\/wp-json\/wp\/v2\/pages\/1219","targetHints":{"allow":["GET"]}}],"collection":[{"href":"https:\/\/leuzzipartners.it\/fr\/wp-json\/wp\/v2\/pages"}],"about":[{"href":"https:\/\/leuzzipartners.it\/fr\/wp-json\/wp\/v2\/types\/page"}],"author":[{"embeddable":true,"href":"https:\/\/leuzzipartners.it\/fr\/wp-json\/wp\/v2\/users\/1"}],"replies":[{"embeddable":true,"href":"https:\/\/leuzzipartners.it\/fr\/wp-json\/wp\/v2\/comments?post=1219"}],"version-history":[{"count":1,"href":"https:\/\/leuzzipartners.it\/fr\/wp-json\/wp\/v2\/pages\/1219\/revisions"}],"predecessor-version":[{"id":1220,"href":"https:\/\/leuzzipartners.it\/fr\/wp-json\/wp\/v2\/pages\/1219\/revisions\/1220"}],"wp:attachment":[{"href":"https:\/\/leuzzipartners.it\/fr\/wp-json\/wp\/v2\/media?parent=1219"}],"curies":[{"name":"wp","href":"https:\/\/api.w.org\/{rel}","templated":true}]}}