{"id":1203,"date":"2026-02-12T08:39:07","date_gmt":"2026-02-12T08:39:07","guid":{"rendered":"https:\/\/leuzzipartners.it\/politique-de-confidentialite\/"},"modified":"2026-02-12T09:48:46","modified_gmt":"2026-02-12T09:48:46","slug":"politique-de-confidentialite","status":"publish","type":"page","link":"https:\/\/leuzzipartners.it\/fr\/politique-de-confidentialite\/","title":{"rendered":"Politique de confidentialit\u00e9"},"content":{"rendered":"\t\t<div data-elementor-type=\"wp-page\" data-elementor-id=\"1203\" class=\"elementor elementor-1203 elementor-1196\" data-elementor-post-type=\"page\">\n\t\t\t\t<div class=\"elementor-element elementor-element-266db33 e-flex e-con-boxed e-con e-parent\" data-id=\"266db33\" data-element_type=\"container\" data-e-type=\"container\" data-settings=\"{&quot;background_background&quot;:&quot;classic&quot;}\">\n\t\t\t\t\t<div class=\"e-con-inner\">\n\t\t\t\t<div class=\"elementor-element elementor-element-83270ad elementor-widget__width-initial font-heading regular elementor-widget elementor-widget-heading\" data-id=\"83270ad\" data-element_type=\"widget\" data-e-type=\"widget\" data-widget_type=\"heading.default\">\n\t\t\t\t\t<h2 class=\"elementor-heading-title elementor-size-default\">Politique de confidentialit\u00e9<\/h2>\t\t\t\t<\/div>\n\t\t\t\t\t<\/div>\n\t\t\t\t<\/div>\n\t\t<div class=\"elementor-element elementor-element-d454dbe e-flex e-con-boxed e-con e-parent\" data-id=\"d454dbe\" data-element_type=\"container\" data-e-type=\"container\">\n\t\t\t\t\t<div class=\"e-con-inner\">\n\t\t\t\t<div class=\"elementor-element elementor-element-0fea63f elementor-widget__width-initial font-body book elementor-widget elementor-widget-text-editor\" data-id=\"0fea63f\" data-element_type=\"widget\" data-e-type=\"widget\" data-widget_type=\"text-editor.default\">\n\t\t\t\t\t\t\t\t\t<h3 data-path-to-node=\"5\">1. Responsable du traitement des donn\u00e9es<\/h3><p data-path-to-node=\"6\">Le contr\u00f4leur des donn\u00e9es est <b data-path-to-node=\"6\" data-index-in-node=\"39\">Leuzzi &amp; Partners<\/b>, bas\u00e9 \u00e0 [adresse physique, ville], courriel de contact : [courriel de confidentialit\u00e9, par exemple : privacy@leuzzipartners.it].<\/p><h3 data-path-to-node=\"7\">2. Type de donn\u00e9es collect\u00e9es<\/h3><p data-path-to-node=\"8\">Par le biais de ce site, nous collectons des donn\u00e9es :<\/p><ul data-path-to-node=\"9\"><li><p data-path-to-node=\"9,0,0\"><b data-path-to-node=\"9,0,0\" data-index-in-node=\"0\">Donn\u00e9es fournies volontairement<\/b> Pr\u00e9nom, nom et courriel saisis dans le formulaire de contact.<\/p><\/li><li><p data-path-to-node=\"9,1,0\"><b data-path-to-node=\"9,1,0\" data-index-in-node=\"0\">Donn\u00e9es de navigation :<\/b> adresses IP ou noms de domaine des ordinateurs utilis\u00e9s par les utilisateurs, collect\u00e9es de mani\u00e8re agr\u00e9g\u00e9e et anonyme (par exemple via Google Analytics 4).<\/p><\/li><\/ul><h3 data-path-to-node=\"10\">3. Objet et base juridique<\/h3><p data-path-to-node=\"11\">Nous traitons vos donn\u00e9es pour :<\/p><ol start=\"1\" data-path-to-node=\"12\"><li><p data-path-to-node=\"12,0,0\"><b data-path-to-node=\"12,0,0\" data-index-in-node=\"0\">R\u00e9pondre \u00e0 vos demandes :<\/b> La base juridique est l&rsquo;ex\u00e9cution de mesures pr\u00e9contractuelles ou votre consentement explicite.<\/p><\/li><li><p data-path-to-node=\"12,1,0\"><b data-path-to-node=\"12,1,0\" data-index-in-node=\"0\">Analyse statistique :<\/b> nous utilisons des donn\u00e9es anonymes pour am\u00e9liorer la performance du site (int\u00e9r\u00eat l\u00e9gitime).<\/p><\/li><\/ol><h3 data-path-to-node=\"13\">4. Conservation des donn\u00e9es<\/h3><p data-path-to-node=\"14\">Les donn\u00e9es collect\u00e9es via le formulaire de contact ne seront conserv\u00e9es que le temps n\u00e9cessaire au traitement de votre demande (maximum 12 mois), \u00e0 moins qu&rsquo;une relation professionnelle ne soit \u00e9tablie par la suite.<\/p><h3 data-path-to-node=\"15\">5. Droits des utilisateurs (GDPR)<\/h3><p data-path-to-node=\"16\">Conform\u00e9ment au r\u00e8glement (UE) 2016\/679, vous avez le droit de :<\/p><ul data-path-to-node=\"17\"><li><p data-path-to-node=\"17,0,0\">Acc\u00e9dez \u00e0 vos donn\u00e9es.<\/p><\/li><li><p data-path-to-node=\"17,1,0\">demander leur rectification ou leur suppression (\u00ab\u00a0droit \u00e0 l&rsquo;oubli\u00a0\u00bb).<\/p><\/li><li><p data-path-to-node=\"17,2,0\">Retirer son consentement \u00e0 tout moment.<\/p><\/li><li><p data-path-to-node=\"17,3,0\">D\u00e9posez une plainte aupr\u00e8s du garant de la protection de la vie priv\u00e9e.<\/p><\/li><\/ul><h3 data-path-to-node=\"18\">6. Destinataires des donn\u00e9es<\/h3><p data-path-to-node=\"19\">Les donn\u00e9es ne seront pas vendues \u00e0 des tiers. Elles ne peuvent \u00eatre accessibles qu&rsquo;aux prestataires techniques n\u00e9cessaires \u00e0 la gestion du site (h\u00e9bergement, support informatique) d\u00e9sign\u00e9s comme responsables du traitement des donn\u00e9es. <\/p>\t\t\t\t\t\t\t\t<\/div>\n\t\t\t\t\t<\/div>\n\t\t\t\t<\/div>\n\t\t\t\t<\/div>\n\t\t","protected":false},"excerpt":{"rendered":"<p>Politique de confidentialit\u00e9 1. Responsable du traitement des donn\u00e9es Le contr\u00f4leur des donn\u00e9es est Leuzzi &amp; Partners, bas\u00e9 \u00e0 [adresse physique, ville], courriel de contact : [courriel de confidentialit\u00e9, par exemple : privacy@leuzzipartners.it]. 2. Type de donn\u00e9es collect\u00e9es Par le biais de ce site, nous collectons des donn\u00e9es : Donn\u00e9es fournies volontairement Pr\u00e9nom, nom et [&hellip;]<\/p>\n","protected":false},"author":1,"featured_media":0,"parent":0,"menu_order":0,"comment_status":"closed","ping_status":"closed","template":"","meta":{"_acf_changed":false,"footnotes":""},"class_list":["post-1203","page","type-page","status-publish","hentry"],"acf":[],"yoast_head":"<!-- This site is optimized with the Yoast SEO plugin v27.1.1 - https:\/\/yoast.com\/product\/yoast-seo-wordpress\/ -->\n<title>Politique de confidentialit\u00e9 - leuzzipartners.it<\/title>\n<meta name=\"robots\" content=\"index, follow, max-snippet:-1, max-image-preview:large, max-video-preview:-1\" \/>\n<link rel=\"canonical\" href=\"https:\/\/leuzzipartners.it\/fr\/politique-de-confidentialite\/\" \/>\n<meta property=\"og:locale\" content=\"fr_FR\" \/>\n<meta property=\"og:type\" content=\"article\" \/>\n<meta property=\"og:title\" content=\"Politique de confidentialit\u00e9 - leuzzipartners.it\" \/>\n<meta property=\"og:description\" content=\"Politique de confidentialit\u00e9 1. Responsable du traitement des donn\u00e9es Le contr\u00f4leur des donn\u00e9es est Leuzzi &amp; Partners, bas\u00e9 \u00e0 [adresse physique, ville], courriel de contact : [courriel de confidentialit\u00e9, par exemple : privacy@leuzzipartners.it]. 2. Type de donn\u00e9es collect\u00e9es Par le biais de ce site, nous collectons des donn\u00e9es : Donn\u00e9es fournies volontairement Pr\u00e9nom, nom et [&hellip;]\" \/>\n<meta property=\"og:url\" content=\"https:\/\/leuzzipartners.it\/fr\/politique-de-confidentialite\/\" \/>\n<meta property=\"og:site_name\" content=\"leuzzipartners.it\" \/>\n<meta property=\"article:modified_time\" content=\"2026-02-12T09:48:46+00:00\" \/>\n<meta name=\"twitter:card\" content=\"summary_large_image\" \/>\n<meta name=\"twitter:label1\" content=\"Dur\u00e9e de lecture estim\u00e9e\" \/>\n\t<meta name=\"twitter:data1\" content=\"1 minute\" \/>\n<script type=\"application\/ld+json\" class=\"yoast-schema-graph\">{\"@context\":\"https:\/\/schema.org\",\"@graph\":[{\"@type\":\"WebPage\",\"@id\":\"https:\/\/leuzzipartners.it\/fr\/politique-de-confidentialite\/\",\"url\":\"https:\/\/leuzzipartners.it\/fr\/politique-de-confidentialite\/\",\"name\":\"Politique de confidentialit\u00e9 - leuzzipartners.it\",\"isPartOf\":{\"@id\":\"https:\/\/leuzzipartners.it\/fr\/#website\"},\"datePublished\":\"2026-02-12T08:39:07+00:00\",\"dateModified\":\"2026-02-12T09:48:46+00:00\",\"breadcrumb\":{\"@id\":\"https:\/\/leuzzipartners.it\/fr\/politique-de-confidentialite\/#breadcrumb\"},\"inLanguage\":\"fr-FR\",\"potentialAction\":[{\"@type\":\"ReadAction\",\"target\":[\"https:\/\/leuzzipartners.it\/fr\/politique-de-confidentialite\/\"]}]},{\"@type\":\"BreadcrumbList\",\"@id\":\"https:\/\/leuzzipartners.it\/fr\/politique-de-confidentialite\/#breadcrumb\",\"itemListElement\":[{\"@type\":\"ListItem\",\"position\":1,\"name\":\"Home\",\"item\":\"https:\/\/leuzzipartners.it\/fr\/\"},{\"@type\":\"ListItem\",\"position\":2,\"name\":\"Politique de confidentialit\u00e9\"}]},{\"@type\":\"WebSite\",\"@id\":\"https:\/\/leuzzipartners.it\/fr\/#website\",\"url\":\"https:\/\/leuzzipartners.it\/fr\/\",\"name\":\"leuzzipartners.it\",\"description\":\"\",\"potentialAction\":[{\"@type\":\"SearchAction\",\"target\":{\"@type\":\"EntryPoint\",\"urlTemplate\":\"https:\/\/leuzzipartners.it\/fr\/?s={search_term_string}\"},\"query-input\":{\"@type\":\"PropertyValueSpecification\",\"valueRequired\":true,\"valueName\":\"search_term_string\"}}],\"inLanguage\":\"fr-FR\"}]}<\/script>\n<!-- \/ Yoast SEO plugin. -->","yoast_head_json":{"title":"Politique de confidentialit\u00e9 - leuzzipartners.it","robots":{"index":"index","follow":"follow","max-snippet":"max-snippet:-1","max-image-preview":"max-image-preview:large","max-video-preview":"max-video-preview:-1"},"canonical":"https:\/\/leuzzipartners.it\/fr\/politique-de-confidentialite\/","og_locale":"fr_FR","og_type":"article","og_title":"Politique de confidentialit\u00e9 - leuzzipartners.it","og_description":"Politique de confidentialit\u00e9 1. Responsable du traitement des donn\u00e9es Le contr\u00f4leur des donn\u00e9es est Leuzzi &amp; Partners, bas\u00e9 \u00e0 [adresse physique, ville], courriel de contact : [courriel de confidentialit\u00e9, par exemple : privacy@leuzzipartners.it]. 2. Type de donn\u00e9es collect\u00e9es Par le biais de ce site, nous collectons des donn\u00e9es : Donn\u00e9es fournies volontairement Pr\u00e9nom, nom et [&hellip;]","og_url":"https:\/\/leuzzipartners.it\/fr\/politique-de-confidentialite\/","og_site_name":"leuzzipartners.it","article_modified_time":"2026-02-12T09:48:46+00:00","twitter_card":"summary_large_image","twitter_misc":{"Dur\u00e9e de lecture estim\u00e9e":"1 minute"},"schema":{"@context":"https:\/\/schema.org","@graph":[{"@type":"WebPage","@id":"https:\/\/leuzzipartners.it\/fr\/politique-de-confidentialite\/","url":"https:\/\/leuzzipartners.it\/fr\/politique-de-confidentialite\/","name":"Politique de confidentialit\u00e9 - leuzzipartners.it","isPartOf":{"@id":"https:\/\/leuzzipartners.it\/fr\/#website"},"datePublished":"2026-02-12T08:39:07+00:00","dateModified":"2026-02-12T09:48:46+00:00","breadcrumb":{"@id":"https:\/\/leuzzipartners.it\/fr\/politique-de-confidentialite\/#breadcrumb"},"inLanguage":"fr-FR","potentialAction":[{"@type":"ReadAction","target":["https:\/\/leuzzipartners.it\/fr\/politique-de-confidentialite\/"]}]},{"@type":"BreadcrumbList","@id":"https:\/\/leuzzipartners.it\/fr\/politique-de-confidentialite\/#breadcrumb","itemListElement":[{"@type":"ListItem","position":1,"name":"Home","item":"https:\/\/leuzzipartners.it\/fr\/"},{"@type":"ListItem","position":2,"name":"Politique de confidentialit\u00e9"}]},{"@type":"WebSite","@id":"https:\/\/leuzzipartners.it\/fr\/#website","url":"https:\/\/leuzzipartners.it\/fr\/","name":"leuzzipartners.it","description":"","potentialAction":[{"@type":"SearchAction","target":{"@type":"EntryPoint","urlTemplate":"https:\/\/leuzzipartners.it\/fr\/?s={search_term_string}"},"query-input":{"@type":"PropertyValueSpecification","valueRequired":true,"valueName":"search_term_string"}}],"inLanguage":"fr-FR"}]}},"_links":{"self":[{"href":"https:\/\/leuzzipartners.it\/fr\/wp-json\/wp\/v2\/pages\/1203","targetHints":{"allow":["GET"]}}],"collection":[{"href":"https:\/\/leuzzipartners.it\/fr\/wp-json\/wp\/v2\/pages"}],"about":[{"href":"https:\/\/leuzzipartners.it\/fr\/wp-json\/wp\/v2\/types\/page"}],"author":[{"embeddable":true,"href":"https:\/\/leuzzipartners.it\/fr\/wp-json\/wp\/v2\/users\/1"}],"replies":[{"embeddable":true,"href":"https:\/\/leuzzipartners.it\/fr\/wp-json\/wp\/v2\/comments?post=1203"}],"version-history":[{"count":1,"href":"https:\/\/leuzzipartners.it\/fr\/wp-json\/wp\/v2\/pages\/1203\/revisions"}],"predecessor-version":[{"id":1204,"href":"https:\/\/leuzzipartners.it\/fr\/wp-json\/wp\/v2\/pages\/1203\/revisions\/1204"}],"wp:attachment":[{"href":"https:\/\/leuzzipartners.it\/fr\/wp-json\/wp\/v2\/media?parent=1203"}],"curies":[{"name":"wp","href":"https:\/\/api.w.org\/{rel}","templated":true}]}}