{"id":1092,"date":"2025-12-18T14:35:41","date_gmt":"2025-12-18T14:35:41","guid":{"rendered":"https:\/\/leuzzipartners.it\/contact\/"},"modified":"2026-02-24T11:06:35","modified_gmt":"2026-02-24T11:06:35","slug":"contact","status":"publish","type":"page","link":"https:\/\/leuzzipartners.it\/fr\/contact\/","title":{"rendered":"Contact"},"content":{"rendered":"\t\t<div data-elementor-type=\"wp-page\" data-elementor-id=\"1092\" class=\"elementor elementor-1092 elementor-290\" data-elementor-post-type=\"page\">\n\t\t\t\t<div class=\"elementor-element elementor-element-4ef2513 e-flex e-con-boxed elementor-invisible e-con e-parent\" data-id=\"4ef2513\" data-element_type=\"container\" data-e-type=\"container\" data-settings=\"{&quot;animation&quot;:&quot;fadeIn&quot;}\">\n\t\t\t\t\t<div class=\"e-con-inner\">\n\t\t<div class=\"elementor-element elementor-element-f76947c e-con-full e-flex e-con e-child\" data-id=\"f76947c\" data-element_type=\"container\" data-e-type=\"container\" data-settings=\"{&quot;background_background&quot;:&quot;classic&quot;}\">\n\t\t\t\t<div class=\"elementor-element elementor-element-6b15609 elementor-widget__width-initial font-heading regular elementor-widget elementor-widget-heading\" data-id=\"6b15609\" data-element_type=\"widget\" data-e-type=\"widget\" data-widget_type=\"heading.default\">\n\t\t\t\t\t<h2 class=\"elementor-heading-title elementor-size-default\">Contactez nous<\/h2>\t\t\t\t<\/div>\n\t\t\t\t<div class=\"elementor-element elementor-element-f6b6d2e elementor-widget__width-initial font-body book elementor-widget elementor-widget-text-editor\" data-id=\"f6b6d2e\" data-element_type=\"widget\" data-e-type=\"widget\" data-widget_type=\"text-editor.default\">\n\t\t\t\t\t\t\t\t\t<div>Lorem ipsum dolor sit amet consectetur. Egestas<\/div>\t\t\t\t\t\t\t\t<\/div>\n\t\t\t\t<div class=\"elementor-element elementor-element-e64bd8d elementor-widget-divider--view-line elementor-widget elementor-widget-divider\" data-id=\"e64bd8d\" data-element_type=\"widget\" data-e-type=\"widget\" data-widget_type=\"divider.default\">\n\t\t\t\t\t\t\t<div class=\"elementor-divider\">\n\t\t\t<span class=\"elementor-divider-separator\">\n\t\t\t\t\t\t<\/span>\n\t\t<\/div>\n\t\t\t\t\t\t<\/div>\n\t\t<div class=\"elementor-element elementor-element-1b383a6 e-con-full e-flex e-con e-child\" data-id=\"1b383a6\" data-element_type=\"container\" data-e-type=\"container\">\n\t\t\t\t<div class=\"elementor-element elementor-element-5912b56 elementor-icon-list--layout-traditional elementor-list-item-link-full_width elementor-widget elementor-widget-icon-list\" data-id=\"5912b56\" data-element_type=\"widget\" data-e-type=\"widget\" data-widget_type=\"icon-list.default\">\n\t\t\t\t\t\t\t<ul class=\"elementor-icon-list-items\">\n\t\t\t\t\t\t\t<li class=\"elementor-icon-list-item\">\n\t\t\t\t\t\t\t\t\t\t\t<span class=\"elementor-icon-list-icon\">\n\t\t\t\t\t\t\t<svg xmlns=\"http:\/\/www.w3.org\/2000\/svg\" width=\"42\" height=\"42\" viewBox=\"0 0 42 42\" fill=\"none\"><rect width=\"42\" height=\"42\" rx=\"21\" fill=\"#1C415C\"><\/rect><path d=\"M20.5 12C23.0196 12 25.4359 13.0009 27.2175 14.7825C28.9991 16.5641 30 18.9804 30 21.5C30 24.0196 28.9991 26.4359 27.2175 28.2175C25.4359 29.9991 23.0196 31 20.5 31C17.9804 31 15.5641 29.9991 13.7825 28.2175C12.0009 26.4359 11 24.0196 11 21.5C11 18.9804 12.0009 16.5641 13.7825 14.7825C15.5641 13.0009 17.9804 12 20.5 12ZM20.5 13C18.2457 13 16.0837 13.8955 14.4896 15.4896C12.8955 17.0837 12 19.2457 12 21.5C12 23.7543 12.8955 25.9163 14.4896 27.5104C16.0837 29.1045 18.2457 30 20.5 30C21.6162 30 22.7215 29.7801 23.7528 29.353C24.7841 28.9258 25.7211 28.2997 26.5104 27.5104C27.2997 26.7211 27.9258 25.7841 28.353 24.7528C28.7801 23.7215 29 22.6162 29 21.5C29 19.2457 28.1045 17.0837 26.5104 15.4896C24.9163 13.8955 22.7543 13 20.5 13ZM20 16H21V21.42L25.7 24.13L25.2 25L20 22V16Z\" fill=\"white\"><\/path><\/svg>\t\t\t\t\t\t<\/span>\n\t\t\t\t\t\t\t\t\t\t<span class=\"elementor-icon-list-text\">Lundi - vendredi<br> 9:00 \/ 13:00 <br>14:00 \/ 19:00<\/span>\n\t\t\t\t\t\t\t\t\t<\/li>\n\t\t\t\t\t\t\t\t<li class=\"elementor-icon-list-item\">\n\t\t\t\t\t\t\t\t\t\t\t<span class=\"elementor-icon-list-icon\">\n\t\t\t\t\t\t\t<svg xmlns=\"http:\/\/www.w3.org\/2000\/svg\" width=\"42\" height=\"42\" viewBox=\"0 0 42 42\" fill=\"none\"><rect width=\"42\" height=\"42\" rx=\"21\" fill=\"#1C415C\"><\/rect><path d=\"M26.6317 13.809C29.7817 16.907 29.7817 21.865 26.6737 24.922L21.0027 30.5L15.3297 24.922C14.592 24.2011 14.0057 23.34 13.6055 22.3893C13.2052 21.4386 12.999 20.4175 12.999 19.386C12.999 18.3545 13.2052 17.3334 13.6055 16.3827C14.0057 15.432 14.592 14.5709 15.3297 13.85L15.3717 13.809C16.8719 12.3295 18.8942 11.5 21.0012 11.5C23.1083 11.5 25.1316 12.3295 26.6317 13.809ZM26.6317 13.809C26.5897 13.767 26.5897 13.767 26.6317 13.809ZM22.9997 18.5C22.9997 19.0305 22.789 19.5392 22.414 19.9142C22.0389 20.2893 21.5302 20.5 20.9997 20.5C20.4693 20.5 19.9606 20.2893 19.5855 19.9142C19.2105 19.5392 18.9997 19.0305 18.9997 18.5C18.9997 17.9696 19.2105 17.4609 19.5855 17.0858C19.9606 16.7107 20.4693 16.5 20.9997 16.5C21.5302 16.5 22.0389 16.7107 22.414 17.0858C22.789 17.4609 22.9997 17.9696 22.9997 18.5Z\" stroke=\"white\" stroke-miterlimit=\"10\" stroke-linecap=\"round\" stroke-linejoin=\"round\"><\/path><\/svg>\t\t\t\t\t\t<\/span>\n\t\t\t\t\t\t\t\t\t\t<span class=\"elementor-icon-list-text\">Via Gaudio 12<br> 18038 Sanremo<br> (IM)<\/span>\n\t\t\t\t\t\t\t\t\t<\/li>\n\t\t\t\t\t\t<\/ul>\n\t\t\t\t\t\t<\/div>\n\t\t\t\t<div class=\"elementor-element elementor-element-2f4bfc6 elementor-icon-list--layout-traditional elementor-list-item-link-full_width elementor-widget elementor-widget-icon-list\" data-id=\"2f4bfc6\" data-element_type=\"widget\" data-e-type=\"widget\" data-widget_type=\"icon-list.default\">\n\t\t\t\t\t\t\t<ul class=\"elementor-icon-list-items\">\n\t\t\t\t\t\t\t<li class=\"elementor-icon-list-item\">\n\t\t\t\t\t\t\t\t\t\t\t<a href=\"mailto:info@studioleuzzi.it\">\n\n\t\t\t\t\t\t\t\t\t\t\t\t<span class=\"elementor-icon-list-icon\">\n\t\t\t\t\t\t\t<svg xmlns=\"http:\/\/www.w3.org\/2000\/svg\" width=\"42\" height=\"42\" viewBox=\"0 0 42 42\" fill=\"none\"><rect width=\"42\" height=\"42\" rx=\"21\" fill=\"#1C415C\"><\/rect><path d=\"M20.5 12C23.0196 12 25.4359 13.0009 27.2175 14.7825C28.9991 16.5641 30 18.9804 30 21.5C30 24.0196 28.9991 26.4359 27.2175 28.2175C25.4359 29.9991 23.0196 31 20.5 31C17.9804 31 15.5641 29.9991 13.7825 28.2175C12.0009 26.4359 11 24.0196 11 21.5C11 18.9804 12.0009 16.5641 13.7825 14.7825C15.5641 13.0009 17.9804 12 20.5 12ZM20.5 13C18.2457 13 16.0837 13.8955 14.4896 15.4896C12.8955 17.0837 12 19.2457 12 21.5C12 23.7543 12.8955 25.9163 14.4896 27.5104C16.0837 29.1045 18.2457 30 20.5 30C21.6162 30 22.7215 29.7801 23.7528 29.353C24.7841 28.9258 25.7211 28.2997 26.5104 27.5104C27.2997 26.7211 27.9258 25.7841 28.353 24.7528C28.7801 23.7215 29 22.6162 29 21.5C29 19.2457 28.1045 17.0837 26.5104 15.4896C24.9163 13.8955 22.7543 13 20.5 13ZM20 16H21V21.42L25.7 24.13L25.2 25L20 22V16Z\" fill=\"white\"><\/path><\/svg>\t\t\t\t\t\t<\/span>\n\t\t\t\t\t\t\t\t\t\t<span class=\"elementor-icon-list-text\">info@studioleuzzi.it<\/span>\n\t\t\t\t\t\t\t\t\t\t\t<\/a>\n\t\t\t\t\t\t\t\t\t<\/li>\n\t\t\t\t\t\t\t\t<li class=\"elementor-icon-list-item\">\n\t\t\t\t\t\t\t\t\t\t\t<a href=\"tel:0184%20544725\">\n\n\t\t\t\t\t\t\t\t\t\t\t\t<span class=\"elementor-icon-list-icon\">\n\t\t\t\t\t\t\t<svg xmlns=\"http:\/\/www.w3.org\/2000\/svg\" width=\"42\" height=\"42\" viewBox=\"0 0 42 42\" fill=\"none\"><rect width=\"42\" height=\"42\" rx=\"21\" fill=\"#1C415C\"><\/rect><path d=\"M20.5 12C23.0196 12 25.4359 13.0009 27.2175 14.7825C28.9991 16.5641 30 18.9804 30 21.5C30 24.0196 28.9991 26.4359 27.2175 28.2175C25.4359 29.9991 23.0196 31 20.5 31C17.9804 31 15.5641 29.9991 13.7825 28.2175C12.0009 26.4359 11 24.0196 11 21.5C11 18.9804 12.0009 16.5641 13.7825 14.7825C15.5641 13.0009 17.9804 12 20.5 12ZM20.5 13C18.2457 13 16.0837 13.8955 14.4896 15.4896C12.8955 17.0837 12 19.2457 12 21.5C12 23.7543 12.8955 25.9163 14.4896 27.5104C16.0837 29.1045 18.2457 30 20.5 30C21.6162 30 22.7215 29.7801 23.7528 29.353C24.7841 28.9258 25.7211 28.2997 26.5104 27.5104C27.2997 26.7211 27.9258 25.7841 28.353 24.7528C28.7801 23.7215 29 22.6162 29 21.5C29 19.2457 28.1045 17.0837 26.5104 15.4896C24.9163 13.8955 22.7543 13 20.5 13ZM20 16H21V21.42L25.7 24.13L25.2 25L20 22V16Z\" fill=\"white\"><\/path><\/svg>\t\t\t\t\t\t<\/span>\n\t\t\t\t\t\t\t\t\t\t<span class=\"elementor-icon-list-text\">0184 544725<\/span>\n\t\t\t\t\t\t\t\t\t\t\t<\/a>\n\t\t\t\t\t\t\t\t\t<\/li>\n\t\t\t\t\t\t\t\t<li class=\"elementor-icon-list-item\">\n\t\t\t\t\t\t\t\t\t\t\t<span class=\"elementor-icon-list-icon\">\n\t\t\t\t\t\t\t<svg xmlns=\"http:\/\/www.w3.org\/2000\/svg\" width=\"42\" height=\"42\" viewBox=\"0 0 42 42\" fill=\"none\"><rect width=\"42\" height=\"42\" rx=\"21\" fill=\"#1C415C\"><\/rect><path d=\"M20.5 12C23.0196 12 25.4359 13.0009 27.2175 14.7825C28.9991 16.5641 30 18.9804 30 21.5C30 24.0196 28.9991 26.4359 27.2175 28.2175C25.4359 29.9991 23.0196 31 20.5 31C17.9804 31 15.5641 29.9991 13.7825 28.2175C12.0009 26.4359 11 24.0196 11 21.5C11 18.9804 12.0009 16.5641 13.7825 14.7825C15.5641 13.0009 17.9804 12 20.5 12ZM20.5 13C18.2457 13 16.0837 13.8955 14.4896 15.4896C12.8955 17.0837 12 19.2457 12 21.5C12 23.7543 12.8955 25.9163 14.4896 27.5104C16.0837 29.1045 18.2457 30 20.5 30C21.6162 30 22.7215 29.7801 23.7528 29.353C24.7841 28.9258 25.7211 28.2997 26.5104 27.5104C27.2997 26.7211 27.9258 25.7841 28.353 24.7528C28.7801 23.7215 29 22.6162 29 21.5C29 19.2457 28.1045 17.0837 26.5104 15.4896C24.9163 13.8955 22.7543 13 20.5 13ZM20 16H21V21.42L25.7 24.13L25.2 25L20 22V16Z\" fill=\"white\"><\/path><\/svg>\t\t\t\t\t\t<\/span>\n\t\t\t\t\t\t\t\t\t\t<span class=\"elementor-icon-list-text\">LinkedIn<\/span>\n\t\t\t\t\t\t\t\t\t<\/li>\n\t\t\t\t\t\t<\/ul>\n\t\t\t\t\t\t<\/div>\n\t\t\t\t<\/div>\n\t\t\t\t<\/div>\n\t\t<div class=\"elementor-element elementor-element-a90ad47 e-con-full e-flex e-con e-child\" data-id=\"a90ad47\" data-element_type=\"container\" data-e-type=\"container\" data-settings=\"{&quot;background_background&quot;:&quot;classic&quot;}\">\n\t\t\t\t<div class=\"elementor-element elementor-element-c4a6c36 elementor-mobile-button-align-center elementor-button-align-stretch elementor-widget elementor-widget-form\" data-id=\"c4a6c36\" data-element_type=\"widget\" data-e-type=\"widget\" data-settings=\"{&quot;button_width&quot;:&quot;30&quot;,&quot;step_next_label&quot;:&quot;Suivant&quot;,&quot;step_previous_label&quot;:&quot;Pr\\u00e9c\\u00e9dent&quot;,&quot;step_type&quot;:&quot;number_text&quot;,&quot;step_icon_shape&quot;:&quot;circle&quot;}\" data-widget_type=\"form.default\">\n\t\t\t\t\t\t\t<form class=\"elementor-form\" method=\"post\" name=\"Nouveau module\" aria-label=\"Nouveau module\">\n\t\t\t<input type=\"hidden\" name=\"post_id\" value=\"1092\"\/>\n\t\t\t<input type=\"hidden\" name=\"form_id\" value=\"c4a6c36\"\/>\n\t\t\t<input type=\"hidden\" name=\"referer_title\" value=\"Contact Demander une consultation\" \/>\n\n\t\t\t\t\t\t\t<input type=\"hidden\" name=\"queried_id\" value=\"1092\"\/>\n\t\t\t\n\t\t\t<div class=\"elementor-form-fields-wrapper elementor-labels-above\">\n\t\t\t\t\t\t\t\t<div class=\"elementor-field-type-text elementor-field-group elementor-column elementor-field-group-name elementor-col-50 elementor-sm-50 elementor-field-required\">\n\t\t\t\t\t\t\t\t\t\t\t\t<label for=\"form-field-name\" class=\"elementor-field-label\">\n\t\t\t\t\t\t\t\tNom*\t\t\t\t\t\t\t<\/label>\n\t\t\t\t\t\t\t\t\t\t\t\t\t\t<input size=\"1\" type=\"text\" name=\"form_fields[name]\" id=\"form-field-name\" class=\"elementor-field elementor-size-md  elementor-field-textual\" placeholder=\"Nom\" required=\"required\">\n\t\t\t\t\t\t\t\t\t\t\t<\/div>\n\t\t\t\t\t\t\t\t<div class=\"elementor-field-type-text elementor-field-group elementor-column elementor-field-group-field_afb0a12 elementor-col-50 elementor-sm-50 elementor-field-required\">\n\t\t\t\t\t\t\t\t\t\t\t\t<label for=\"form-field-field_afb0a12\" class=\"elementor-field-label\">\n\t\t\t\t\t\t\t\tNom de famille*\t\t\t\t\t\t\t<\/label>\n\t\t\t\t\t\t\t\t\t\t\t\t\t\t<input size=\"1\" type=\"text\" name=\"form_fields[field_afb0a12]\" id=\"form-field-field_afb0a12\" class=\"elementor-field elementor-size-md  elementor-field-textual\" placeholder=\"Nom de famille\" required=\"required\">\n\t\t\t\t\t\t\t\t\t\t\t<\/div>\n\t\t\t\t\t\t\t\t<div class=\"elementor-field-type-email elementor-field-group elementor-column elementor-field-group-email elementor-col-100 elementor-field-required\">\n\t\t\t\t\t\t\t\t\t\t\t\t<label for=\"form-field-email\" class=\"elementor-field-label\">\n\t\t\t\t\t\t\t\tCourriel*\t\t\t\t\t\t\t<\/label>\n\t\t\t\t\t\t\t\t\t\t\t\t\t\t<input size=\"1\" type=\"email\" name=\"form_fields[email]\" id=\"form-field-email\" class=\"elementor-field elementor-size-md  elementor-field-textual\" placeholder=\"Courriel de l&#039;entreprise\" required=\"required\">\n\t\t\t\t\t\t\t\t\t\t\t<\/div>\n\t\t\t\t\t\t\t\t<div class=\"elementor-field-type-textarea elementor-field-group elementor-column elementor-field-group-message elementor-col-100 elementor-field-required\">\n\t\t\t\t\t\t\t\t\t\t\t\t<label for=\"form-field-message\" class=\"elementor-field-label\">\n\t\t\t\t\t\t\t\tMotif du contact*\t\t\t\t\t\t\t<\/label>\n\t\t\t\t\t\t<textarea class=\"elementor-field-textual elementor-field  elementor-size-md\" name=\"form_fields[message]\" id=\"form-field-message\" rows=\"8\" placeholder=\"D\u00e9crivez votre demande\" required=\"required\"><\/textarea>\t\t\t\t<\/div>\n\t\t\t\t\t\t\t\t<div class=\"elementor-field-type-acceptance elementor-field-group elementor-column elementor-field-group-field_5177715 elementor-col-100\">\n\t\t\t\t\t\t\t<div class=\"elementor-field-subgroup\">\n\t\t\t<span class=\"elementor-field-option\">\n\t\t\t\t<input type=\"checkbox\" name=\"form_fields[field_5177715]\" id=\"form-field-field_5177715\" class=\"elementor-field elementor-size-md  elementor-acceptance-field\">\n\t\t\t\t<label for=\"form-field-field_5177715\">J'accepte le traitement de mes donn\u00e9es personnelles pour les communications conform\u00e9ment \u00e0 la politique de confidentialit\u00e9.<\/label>\t\t\t<\/span>\n\t\t<\/div>\n\t\t\t\t\t\t<\/div>\n\t\t\t\t\t\t\t\t<div class=\"elementor-field-group elementor-column elementor-field-type-submit elementor-col-30 e-form__buttons\">\n\t\t\t\t\t<button class=\"elementor-button elementor-size-sm\" type=\"submit\">\n\t\t\t\t\t\t<span class=\"elementor-button-content-wrapper\">\n\t\t\t\t\t\t\t\t\t\t\t\t\t\t\t\t\t\t\t\t\t\t<span class=\"elementor-button-text\">Envoyer une demande<\/span>\n\t\t\t\t\t\t\t\t\t\t\t\t\t<\/span>\n\t\t\t\t\t<\/button>\n\t\t\t\t<\/div>\n\t\t\t<\/div>\n\t\t<\/form>\n\t\t\t\t\t\t<\/div>\n\t\t\t\t<\/div>\n\t\t\t\t\t<\/div>\n\t\t\t\t<\/div>\n\t\t\t\t<\/div>\n\t\t","protected":false},"excerpt":{"rendered":"<p>Contactez nous Lorem ipsum dolor sit amet consectetur. Egestas Lundi &#8211; vendredi 9:00 \/ 13:00 14:00 \/ 19:00 Via Gaudio 12 18038 Sanremo (IM) info@studioleuzzi.it 0184 544725 LinkedIn<\/p>\n","protected":false},"author":1,"featured_media":0,"parent":0,"menu_order":0,"comment_status":"closed","ping_status":"closed","template":"","meta":{"_acf_changed":false,"footnotes":""},"class_list":["post-1092","page","type-page","status-publish","hentry"],"acf":[],"yoast_head":"<!-- This site is optimized with the Yoast SEO plugin v27.1.1 - https:\/\/yoast.com\/product\/yoast-seo-wordpress\/ -->\n<title>Contact Demander une consultation<\/title>\n<meta name=\"description\" content=\"Contactez Studio Leuzzi &amp; Partners \u00e0 Sanremo pour une consultation. Nous sommes situ\u00e9s Via Gaudio 12. Appelez-nous au 0184 544725 ou \u00e9crivez-nous un e-mail.\" \/>\n<meta name=\"robots\" content=\"index, follow, max-snippet:-1, max-image-preview:large, max-video-preview:-1\" \/>\n<link rel=\"canonical\" href=\"https:\/\/leuzzipartners.it\/fr\/contact\/\" \/>\n<meta property=\"og:locale\" content=\"fr_FR\" \/>\n<meta property=\"og:type\" content=\"article\" \/>\n<meta property=\"og:title\" content=\"Contact Demander une consultation\" \/>\n<meta property=\"og:description\" content=\"Contactez Studio Leuzzi &amp; Partners \u00e0 Sanremo pour une consultation. Nous sommes situ\u00e9s Via Gaudio 12. Appelez-nous au 0184 544725 ou \u00e9crivez-nous un e-mail.\" \/>\n<meta property=\"og:url\" content=\"https:\/\/leuzzipartners.it\/fr\/contact\/\" \/>\n<meta property=\"og:site_name\" content=\"leuzzipartners.it\" \/>\n<meta property=\"article:modified_time\" content=\"2026-02-24T11:06:35+00:00\" \/>\n<meta name=\"twitter:card\" content=\"summary_large_image\" \/>\n<script type=\"application\/ld+json\" class=\"yoast-schema-graph\">{\"@context\":\"https:\/\/schema.org\",\"@graph\":[{\"@type\":\"WebPage\",\"@id\":\"https:\/\/leuzzipartners.it\/fr\/contact\/\",\"url\":\"https:\/\/leuzzipartners.it\/fr\/contact\/\",\"name\":\"Contact Demander une consultation\",\"isPartOf\":{\"@id\":\"https:\/\/leuzzipartners.it\/fr\/#website\"},\"datePublished\":\"2025-12-18T14:35:41+00:00\",\"dateModified\":\"2026-02-24T11:06:35+00:00\",\"description\":\"Contactez Studio Leuzzi & Partners \u00e0 Sanremo pour une consultation. Nous sommes situ\u00e9s Via Gaudio 12. Appelez-nous au 0184 544725 ou \u00e9crivez-nous un e-mail.\",\"breadcrumb\":{\"@id\":\"https:\/\/leuzzipartners.it\/fr\/contact\/#breadcrumb\"},\"inLanguage\":\"fr-FR\",\"potentialAction\":[{\"@type\":\"ReadAction\",\"target\":[\"https:\/\/leuzzipartners.it\/fr\/contact\/\"]}]},{\"@type\":\"BreadcrumbList\",\"@id\":\"https:\/\/leuzzipartners.it\/fr\/contact\/#breadcrumb\",\"itemListElement\":[{\"@type\":\"ListItem\",\"position\":1,\"name\":\"Home\",\"item\":\"https:\/\/leuzzipartners.it\/fr\/\"},{\"@type\":\"ListItem\",\"position\":2,\"name\":\"Contact\"}]},{\"@type\":\"WebSite\",\"@id\":\"https:\/\/leuzzipartners.it\/fr\/#website\",\"url\":\"https:\/\/leuzzipartners.it\/fr\/\",\"name\":\"leuzzipartners.it\",\"description\":\"\",\"potentialAction\":[{\"@type\":\"SearchAction\",\"target\":{\"@type\":\"EntryPoint\",\"urlTemplate\":\"https:\/\/leuzzipartners.it\/fr\/?s={search_term_string}\"},\"query-input\":{\"@type\":\"PropertyValueSpecification\",\"valueRequired\":true,\"valueName\":\"search_term_string\"}}],\"inLanguage\":\"fr-FR\"}]}<\/script>\n<!-- \/ Yoast SEO plugin. -->","yoast_head_json":{"title":"Contact Demander une consultation","description":"Contactez Studio Leuzzi & Partners \u00e0 Sanremo pour une consultation. Nous sommes situ\u00e9s Via Gaudio 12. Appelez-nous au 0184 544725 ou \u00e9crivez-nous un e-mail.","robots":{"index":"index","follow":"follow","max-snippet":"max-snippet:-1","max-image-preview":"max-image-preview:large","max-video-preview":"max-video-preview:-1"},"canonical":"https:\/\/leuzzipartners.it\/fr\/contact\/","og_locale":"fr_FR","og_type":"article","og_title":"Contact Demander une consultation","og_description":"Contactez Studio Leuzzi & Partners \u00e0 Sanremo pour une consultation. Nous sommes situ\u00e9s Via Gaudio 12. Appelez-nous au 0184 544725 ou \u00e9crivez-nous un e-mail.","og_url":"https:\/\/leuzzipartners.it\/fr\/contact\/","og_site_name":"leuzzipartners.it","article_modified_time":"2026-02-24T11:06:35+00:00","twitter_card":"summary_large_image","schema":{"@context":"https:\/\/schema.org","@graph":[{"@type":"WebPage","@id":"https:\/\/leuzzipartners.it\/fr\/contact\/","url":"https:\/\/leuzzipartners.it\/fr\/contact\/","name":"Contact Demander une consultation","isPartOf":{"@id":"https:\/\/leuzzipartners.it\/fr\/#website"},"datePublished":"2025-12-18T14:35:41+00:00","dateModified":"2026-02-24T11:06:35+00:00","description":"Contactez Studio Leuzzi & Partners \u00e0 Sanremo pour une consultation. Nous sommes situ\u00e9s Via Gaudio 12. Appelez-nous au 0184 544725 ou \u00e9crivez-nous un e-mail.","breadcrumb":{"@id":"https:\/\/leuzzipartners.it\/fr\/contact\/#breadcrumb"},"inLanguage":"fr-FR","potentialAction":[{"@type":"ReadAction","target":["https:\/\/leuzzipartners.it\/fr\/contact\/"]}]},{"@type":"BreadcrumbList","@id":"https:\/\/leuzzipartners.it\/fr\/contact\/#breadcrumb","itemListElement":[{"@type":"ListItem","position":1,"name":"Home","item":"https:\/\/leuzzipartners.it\/fr\/"},{"@type":"ListItem","position":2,"name":"Contact"}]},{"@type":"WebSite","@id":"https:\/\/leuzzipartners.it\/fr\/#website","url":"https:\/\/leuzzipartners.it\/fr\/","name":"leuzzipartners.it","description":"","potentialAction":[{"@type":"SearchAction","target":{"@type":"EntryPoint","urlTemplate":"https:\/\/leuzzipartners.it\/fr\/?s={search_term_string}"},"query-input":{"@type":"PropertyValueSpecification","valueRequired":true,"valueName":"search_term_string"}}],"inLanguage":"fr-FR"}]}},"_links":{"self":[{"href":"https:\/\/leuzzipartners.it\/fr\/wp-json\/wp\/v2\/pages\/1092","targetHints":{"allow":["GET"]}}],"collection":[{"href":"https:\/\/leuzzipartners.it\/fr\/wp-json\/wp\/v2\/pages"}],"about":[{"href":"https:\/\/leuzzipartners.it\/fr\/wp-json\/wp\/v2\/types\/page"}],"author":[{"embeddable":true,"href":"https:\/\/leuzzipartners.it\/fr\/wp-json\/wp\/v2\/users\/1"}],"replies":[{"embeddable":true,"href":"https:\/\/leuzzipartners.it\/fr\/wp-json\/wp\/v2\/comments?post=1092"}],"version-history":[{"count":1,"href":"https:\/\/leuzzipartners.it\/fr\/wp-json\/wp\/v2\/pages\/1092\/revisions"}],"predecessor-version":[{"id":1098,"href":"https:\/\/leuzzipartners.it\/fr\/wp-json\/wp\/v2\/pages\/1092\/revisions\/1098"}],"wp:attachment":[{"href":"https:\/\/leuzzipartners.it\/fr\/wp-json\/wp\/v2\/media?parent=1092"}],"curies":[{"name":"wp","href":"https:\/\/api.w.org\/{rel}","templated":true}]}}